{"id":47,"date":"2014-04-20T20:50:05","date_gmt":"2014-04-20T18:50:05","guid":{"rendered":"http:\/\/whitebears-rock.de\/wordpress\/?page_id=47"},"modified":"2023-10-31T20:45:25","modified_gmt":"2023-10-31T19:45:25","slug":"the-band","status":"publish","type":"page","link":"https:\/\/whitebears.rocks\/wordpress\/the-band\/","title":{"rendered":"The Band"},"content":{"rendered":"<p><a href=\"http:\/\/whitebears.rocks\/wordpress\/wp-content\/uploads\/2023\/10\/DSC05235-C-sw-scaled.jpg\"><img loading=\"lazy\" decoding=\"async\" data-attachment-id=\"2351\" data-permalink=\"https:\/\/whitebears.rocks\/wordpress\/the-band\/dsc05235-c-sw\/\" data-orig-file=\"https:\/\/whitebears.rocks\/wordpress\/wp-content\/uploads\/2023\/10\/DSC05235-C-sw-scaled.jpg\" data-orig-size=\"2560,1707\" data-comments-opened=\"1\" data-image-meta=\"{&quot;aperture&quot;:&quot;0&quot;,&quot;credit&quot;:&quot;&quot;,&quot;camera&quot;:&quot;ILCE-6000&quot;,&quot;caption&quot;:&quot;&quot;,&quot;created_timestamp&quot;:&quot;1695248733&quot;,&quot;copyright&quot;:&quot;&quot;,&quot;focal_length&quot;:&quot;0&quot;,&quot;iso&quot;:&quot;200&quot;,&quot;shutter_speed&quot;:&quot;0.016666666666667&quot;,&quot;title&quot;:&quot;&quot;,&quot;orientation&quot;:&quot;1&quot;}\" data-image-title=\"DSC05235-C-sw\" data-image-description=\"\" data-image-caption=\"\" data-medium-file=\"https:\/\/whitebears.rocks\/wordpress\/wp-content\/uploads\/2023\/10\/DSC05235-C-sw-300x200.jpg\" data-large-file=\"https:\/\/whitebears.rocks\/wordpress\/wp-content\/uploads\/2023\/10\/DSC05235-C-sw-1024x683.jpg\" class=\" wp-image-2351 aligncenter\" src=\"http:\/\/whitebears.rocks\/wordpress\/wp-content\/uploads\/2023\/10\/DSC05235-C-sw-300x200.jpg\" alt=\"\" width=\"515\" height=\"343\" srcset=\"https:\/\/whitebears.rocks\/wordpress\/wp-content\/uploads\/2023\/10\/DSC05235-C-sw-300x200.jpg 300w, https:\/\/whitebears.rocks\/wordpress\/wp-content\/uploads\/2023\/10\/DSC05235-C-sw-1024x683.jpg 1024w, https:\/\/whitebears.rocks\/wordpress\/wp-content\/uploads\/2023\/10\/DSC05235-C-sw-768x512.jpg 768w, https:\/\/whitebears.rocks\/wordpress\/wp-content\/uploads\/2023\/10\/DSC05235-C-sw-1536x1024.jpg 1536w, https:\/\/whitebears.rocks\/wordpress\/wp-content\/uploads\/2023\/10\/DSC05235-C-sw-2048x1365.jpg 2048w\" sizes=\"auto, (max-width: 515px) 100vw, 515px\" \/><\/a><\/p>\n<p style=\"text-align: center;\">Maggi (Guitar), Simon (Guitar), Kooch (Vocals, Guitar), Andi (Drums), Piti (Bass),<\/p>\n","protected":false},"excerpt":{"rendered":"<p>Maggi (Guitar), Simon (Guitar), Kooch (Vocals, Guitar), Andi (Drums), Piti (Bass),<\/p>\n","protected":false},"author":1,"featured_media":0,"parent":0,"menu_order":0,"comment_status":"open","ping_status":"open","template":"","meta":{"footnotes":""},"class_list":["post-47","page","type-page","status-publish","hentry"],"jetpack_sharing_enabled":true,"jetpack-related-posts":[{"id":119,"url":"https:\/\/whitebears.rocks\/wordpress\/jatw\/","url_meta":{"origin":47,"position":0},"title":"JatW","author":"Maggi","date":"4. Oktober 2015","format":false,"excerpt":"Startseite","rel":"","context":"\u00c4hnlicher Beitrag","block_context":{"text":"\u00c4hnlicher Beitrag","link":""},"img":{"alt_text":"","src":"","width":0,"height":0},"classes":[]},{"id":141,"url":"https:\/\/whitebears.rocks\/wordpress\/impressum\/","url_meta":{"origin":47,"position":1},"title":"Impressum","author":"Maggi","date":"11. Oktober 2015","format":false,"excerpt":"","rel":"","context":"\u00c4hnlicher Beitrag","block_context":{"text":"\u00c4hnlicher Beitrag","link":""},"img":{"alt_text":"","src":"","width":0,"height":0},"classes":[]},{"id":2324,"url":"https:\/\/whitebears.rocks\/wordpress\/newsletter\/","url_meta":{"origin":47,"position":2},"title":"Newsletter","author":"Maggi","date":"27. M\u00e4rz 2023","format":false,"excerpt":"","rel":"","context":"\u00c4hnlicher Beitrag","block_context":{"text":"\u00c4hnlicher Beitrag","link":""},"img":{"alt_text":"","src":"","width":0,"height":0},"classes":[]},{"id":2292,"url":"https:\/\/whitebears.rocks\/wordpress\/checkout\/","url_meta":{"origin":47,"position":3},"title":"Checkout","author":"Maggi","date":"30. Juli 2022","format":false,"excerpt":"[profilepress-checkout]","rel":"","context":"\u00c4hnlicher Beitrag","block_context":{"text":"\u00c4hnlicher Beitrag","link":""},"img":{"alt_text":"","src":"","width":0,"height":0},"classes":[]},{"id":2200,"url":"https:\/\/whitebears.rocks\/wordpress\/log-in\/","url_meta":{"origin":47,"position":4},"title":"Log In","author":"Maggi","date":"22. Juni 2021","format":false,"excerpt":"[profilepress-login id=\"1\"]","rel":"","context":"\u00c4hnlicher Beitrag","block_context":{"text":"\u00c4hnlicher Beitrag","link":""},"img":{"alt_text":"","src":"","width":0,"height":0},"classes":[]},{"id":2203,"url":"https:\/\/whitebears.rocks\/wordpress\/account\/","url_meta":{"origin":47,"position":5},"title":"My Account","author":"Maggi","date":"22. Juni 2021","format":false,"excerpt":"[profilepress-my-account]","rel":"","context":"\u00c4hnlicher Beitrag","block_context":{"text":"\u00c4hnlicher Beitrag","link":""},"img":{"alt_text":"","src":"","width":0,"height":0},"classes":[]}],"_links":{"self":[{"href":"https:\/\/whitebears.rocks\/wordpress\/wp-json\/wp\/v2\/pages\/47","targetHints":{"allow":["GET"]}}],"collection":[{"href":"https:\/\/whitebears.rocks\/wordpress\/wp-json\/wp\/v2\/pages"}],"about":[{"href":"https:\/\/whitebears.rocks\/wordpress\/wp-json\/wp\/v2\/types\/page"}],"author":[{"embeddable":true,"href":"https:\/\/whitebears.rocks\/wordpress\/wp-json\/wp\/v2\/users\/1"}],"replies":[{"embeddable":true,"href":"https:\/\/whitebears.rocks\/wordpress\/wp-json\/wp\/v2\/comments?post=47"}],"version-history":[{"count":10,"href":"https:\/\/whitebears.rocks\/wordpress\/wp-json\/wp\/v2\/pages\/47\/revisions"}],"predecessor-version":[{"id":2354,"href":"https:\/\/whitebears.rocks\/wordpress\/wp-json\/wp\/v2\/pages\/47\/revisions\/2354"}],"wp:attachment":[{"href":"https:\/\/whitebears.rocks\/wordpress\/wp-json\/wp\/v2\/media?parent=47"}],"curies":[{"name":"wp","href":"https:\/\/api.w.org\/{rel}","templated":true}]}}